{"id":1790,"date":"2019-06-17T17:48:48","date_gmt":"2019-06-17T17:48:48","guid":{"rendered":"http:\/\/crest.cuny.edu\/hires\/?page_id=1790"},"modified":"2019-08-21T20:50:14","modified_gmt":"2019-08-21T20:50:14","slug":"projects-2019","status":"publish","type":"page","link":"https:\/\/crest.cuny.edu\/hires\/research\/projects\/projects-2019\/","title":{"rendered":"Projects &#8211; 2019"},"content":{"rendered":"<h3>Project Description<\/h3>\n<p>Click below for the description\/details for each of this year&#8217;s summer projects .<\/p>\n<h3><a href=\"https:\/\/crest.cuny.edu\/hires\/wp-content\/uploads\/2019\/06\/forwebsite-projectdesciptions.pdf\">Click here for full projects description.<\/a><\/h3>\n<h3>Posters<\/h3>\n<table style=\"height: 994px;\" width=\"644\">\n<tbody>\n<tr>\n<td width=\"308\"><strong>Project Title<\/strong><\/td>\n<td width=\"208\"><strong>Mentor\/ Faculty<\/strong><\/td>\n<td width=\"108\"><strong>Abstract<\/strong><\/td>\n<\/tr>\n<tr>\n<td width=\"308\">Socio Economic Impact of Weather<br \/>\nPhenomena on NYC Transportation Systems<\/td>\n<td width=\"208\">Nishat Ahmed, Gary Familia, Murshedur Shahy, Arikuzzaman Idrisy, and Dr. Tarendra Lakhankar<\/td>\n<td width=\"108\"><a href=\"https:\/\/crest.cuny.edu\/hires\/wp-content\/uploads\/2019\/08\/ahmed_familia.pdf\"><strong>Download here<\/strong><\/a><\/td>\n<\/tr>\n<tr>\n<td width=\"308\">Satellite Analysis and Validation<\/td>\n<td width=\"208\">Janell Alvarez, Ronald Adomako, and Dr. Michael Grossberg<\/td>\n<td width=\"108\"><a href=\"https:\/\/crest.cuny.edu\/hires\/wp-content\/uploads\/2019\/08\/alvarez_adomako.pdf\"><strong>Download here<\/strong><\/a><\/td>\n<\/tr>\n<tr>\n<td width=\"308\">Studies for Resilient Electric Power Infrastructure<\/td>\n<td width=\"208\">Dani Bilali, Anabelle Wright, Rabindra Pokhrel, and Salvador Garza<\/td>\n<td width=\"108\"><a href=\"https:\/\/crest.cuny.edu\/hires\/wp-content\/uploads\/2019\/08\/bilaliandwright.pdf\"><strong>Download here<\/strong><\/a><\/td>\n<\/tr>\n<tr>\n<td width=\"308\">The Effects of Climatic Patterns on Crop Yields<br \/>\nIn Africa and Asia<\/td>\n<td width=\"208\">John Cepeda, Dean Carey, Ryan Barker, and Ehsan Najafi<\/td>\n<td width=\"108\"><a href=\"https:\/\/crest.cuny.edu\/hires\/wp-content\/uploads\/2019\/08\/carey_cepeda.pdf\"><strong>Download here<\/strong><\/a><\/td>\n<\/tr>\n<tr>\n<td width=\"308\">Development of a Handheld Thermal Sensor for Urban<br \/>\nLand Surface Temperature Calibration<\/td>\n<td width=\"208\">Fabian Firu, Michelle Tejada, Rafael Barinas, and Joshua Hrisko<\/td>\n<td width=\"108\"><strong><a href=\"https:\/\/crest.cuny.edu\/hires\/wp-content\/uploads\/2019\/08\/firu_tejada.pdf\">Download here<\/a><\/strong><\/td>\n<\/tr>\n<tr>\n<td width=\"308\">Assessment of Lake Water Quality and Quantity Using Satellite Remote Sensing<\/td>\n<td width=\"208\">Ashley Flores, Ivan Xie, Jennifer Duong, Noel Cercizi, Jiali Chen, and Dr. Tarendra Lakhankar<\/td>\n<td width=\"108\"><strong><a href=\"https:\/\/crest.cuny.edu\/hires\/wp-content\/uploads\/2019\/08\/flores_xie_duong.pdf\">Download here<\/a><\/strong><\/td>\n<\/tr>\n<tr>\n<td width=\"308\">Ongoing Changes In The U.S Tornado Activity &amp; Linkage To Climate Indices<\/td>\n<td width=\"208\">Luis Geraldino, Naishme Arias, and Niloufar Nouri<\/td>\n<td width=\"108\"><a href=\"https:\/\/crest.cuny.edu\/hires\/wp-content\/uploads\/2019\/08\/geraldino_arias.pdf\"><strong>Download here<\/strong><\/a><\/td>\n<\/tr>\n<tr>\n<td width=\"308\">Analyzing Atmospheric Total Column NO<br \/>\n2 and O 3 Variability in New York City<br \/>\nusing<br \/>\nGround and Satellite Based Instruments<\/td>\n<td width=\"208\">Angelo Del Toro, Valentina Guo, Dilchand Nauth, Alana Menendez, and Dr. Maria Tzortziou<\/td>\n<td width=\"108\"><a href=\"https:\/\/crest.cuny.edu\/hires\/wp-content\/uploads\/2019\/08\/guo_deltoro_nauth.pdf\"><strong>Download here<\/strong><\/a><\/td>\n<\/tr>\n<tr>\n<td width=\"308\">Terrain Mapping Using LiDAR Technology<\/td>\n<td width=\"208\">Sebasti\u00e1n Hern\u00e1ndez, Adriana M. Mu\u00f1oz, and Dr. Jonathan Mu\u00f1oz<\/td>\n<td width=\"108\"><a href=\"https:\/\/crest.cuny.edu\/hires\/wp-content\/uploads\/2019\/08\/hernandez_munoz.pdf\"><strong>Download here<\/strong><\/a><\/td>\n<\/tr>\n<tr>\n<td width=\"308\">Examining a Heat Wave Event in New York City Using Weather<br \/>\nStation and GOES 16 Satellite Data: July 2019 Case Study<\/td>\n<td width=\"208\">Ishrat Jabin, Equisha Glenn, and Dr. Jorge E. Gonz\u00e1lez Cruz<\/td>\n<td width=\"108\"><strong><a href=\"https:\/\/crest.cuny.edu\/hires\/wp-content\/uploads\/2019\/08\/ishrat_jabin.pdf\">Download here<\/a><\/strong><\/td>\n<\/tr>\n<tr>\n<td width=\"308\">Multidimensional Data Techniques for Clustering<br \/>\nSatellite Image Data<\/td>\n<td style=\"text-align: left;\" width=\"208\">Ashton Lee, Caroline Schwab, Oleksandr Kozlenko, and Dr. Ronak Etemadpour<\/td>\n<td width=\"108\"><strong><a href=\"https:\/\/crest.cuny.edu\/hires\/wp-content\/uploads\/2019\/08\/lee_schwab.pdf\">Download here<\/a><\/strong><\/td>\n<\/tr>\n<\/tbody>\n<\/table>\n<table>\n<tbody>\n<tr>\n<td width=\"308\">MOS Parse: Library for converting Big MOS Datasets to CSV Format<\/td>\n<td width=\"208\">Oscar Lucero, Theo Schiminovich, Hannah Aizenman, and Michael Grossberg<\/td>\n<td width=\"108\"><a href=\"https:\/\/crest.cuny.edu\/hires\/wp-content\/uploads\/2019\/08\/lucerno_schiminovich.pdf\"><strong>Download here<\/strong><\/a><\/td>\n<\/tr>\n<\/tbody>\n<\/table>\n<table>\n<tbody>\n<tr>\n<td width=\"308\">Shoreline Position Assessment: A Comparison<br \/>\nof Different Remote Sensing<br \/>\nData Sets , at Crash Boat Beach, Aguadilla<\/td>\n<td width=\"208\">Niwd\u00e9<br \/>\nMarie Rivera Maldonado, and Dr. Jonathan Mu\u00f1oz<\/td>\n<td width=\"108\"><strong><a href=\"https:\/\/crest.cuny.edu\/hires\/wp-content\/uploads\/2019\/08\/maldonado.pdf\">Download here<\/a><\/strong><\/td>\n<\/tr>\n<\/tbody>\n<\/table>\n<table>\n<tbody>\n<tr>\n<td width=\"308\">Comparing Flooding<br \/>\nDuring Hurricanes Irene and Sandy<br \/>\nUsing<br \/>\n311 Calls in New York City<\/td>\n<td width=\"208\">Luc Mazzanobile, Constantino Castaldi, Ryan Reyes, Erin Wengerter, and Dr. Tarendra Lakhankar<\/td>\n<td width=\"108\"><strong><a href=\"https:\/\/crest.cuny.edu\/hires\/wp-content\/uploads\/2019\/08\/mazzanobile_castaldi.pdf\">Download here<\/a><\/strong><\/td>\n<\/tr>\n<\/tbody>\n<\/table>\n<table>\n<tbody>\n<tr>\n<td width=\"308\">Error Analysis of<br \/>\nin Situ Sea Surface Temperature Data<\/td>\n<td width=\"208\">Edward Mendoza, Candice Baptiste Sexton,<br \/>\nHannah Aizenman,<br \/>\nand Dr. Michael Grossberg<\/td>\n<td width=\"108\"><a href=\"https:\/\/crest.cuny.edu\/hires\/wp-content\/uploads\/2019\/08\/mendoza.pdf\"><strong>Download here<\/strong><\/a><\/td>\n<\/tr>\n<\/tbody>\n<\/table>\n<table>\n<tbody>\n<tr>\n<td width=\"308\">Remote Sensing of Particle Pollution over Baltimore<\/td>\n<td width=\"208\">Manuel<br \/>\nMiranda and Ruben Delgado<\/td>\n<td width=\"108\"><strong><a href=\"https:\/\/crest.cuny.edu\/hires\/wp-content\/uploads\/2019\/08\/miranda.pdf\">Download here<\/a><\/strong><\/td>\n<\/tr>\n<\/tbody>\n<\/table>\n<table>\n<tbody>\n<tr>\n<td width=\"308\">Establishment of In<br \/>\nsitu Soil Moisture and Temperature Observation Network<br \/>\nin Western Puerto Rico<\/td>\n<td width=\"208\">Idamis<br \/>\nEnid Rodriguez Nazario, Melanie Qui\u00f1ones Cordero, and Dr. Jonathan Mu\u00f1oz<\/td>\n<td width=\"108\"><a href=\"https:\/\/crest.cuny.edu\/hires\/wp-content\/uploads\/2019\/08\/nazario_cordero.pdf\"><strong>Download here<\/strong><\/a><\/td>\n<\/tr>\n<\/tbody>\n<\/table>\n<table>\n<tbody>\n<tr>\n<td width=\"308\">Satellite<br \/>\nData Visualization of Hurricane Barry using<br \/>\nVIIRS<br \/>\nand GOES 16<\/td>\n<td width=\"208\">Angel Pena, Shawn Telesford, and Paul Alabi<\/td>\n<td width=\"108\"><a href=\"https:\/\/crest.cuny.edu\/hires\/wp-content\/uploads\/2019\/08\/pena.pdf\"><strong>Download here<\/strong><\/a><\/td>\n<\/tr>\n<\/tbody>\n<\/table>\n<table>\n<tbody>\n<tr>\n<td width=\"308\">Investigating the Symbiotic Community of<br \/>\nCoral Species in Puerto Rico<\/td>\n<td width=\"208\">Ricardo<br \/>\nPeralta, Sajiv Mahase, Connor Rabinowitz, Andrea Gomez, and Dr. Kyle McDonald<\/td>\n<td width=\"108\"><strong><a href=\"https:\/\/crest.cuny.edu\/hires\/wp-content\/uploads\/2019\/08\/peralta.pdf\">Download here<\/a><\/strong><\/td>\n<\/tr>\n<\/tbody>\n<\/table>\n<table>\n<tbody>\n<tr>\n<td width=\"308\">Evaluating Sea Surface Temperatures During Global Coral Bleaching<br \/>\nEvents in the Great Barrier Reef, Puerto Rico, and Mayotte<\/td>\n<td width=\"208\">Sajiv Mahase, Connor Rabinowitz, Ricardo Peralta, Andrea Gomez, and Dr. Kyle McDonald<\/td>\n<td width=\"108\"><a href=\"https:\/\/crest.cuny.edu\/hires\/wp-content\/uploads\/2019\/08\/rabinowitz_mahase.pdf\"><strong>Download here<\/strong><\/a><\/td>\n<\/tr>\n<\/tbody>\n<\/table>\n<table>\n<tbody>\n<tr>\n<td width=\"308\">The Socioeconomic<br \/>\nEffects of Hurricane Events in New York City<\/td>\n<td width=\"208\">Ryan Reyes, Erin Wengerter, and Dr. Tarendra Lakhankar<\/td>\n<td width=\"108\"><a href=\"https:\/\/crest.cuny.edu\/hires\/wp-content\/uploads\/2019\/08\/reyes.pdf\"><strong>Download here<\/strong><\/a><\/td>\n<\/tr>\n<\/tbody>\n<\/table>\n<table>\n<tbody>\n<tr>\n<td width=\"308\">An<br \/>\nAnalysis of Spatial and Temporal Variability of Water Quality<br \/>\nImpairment<br \/>\nin New York<\/td>\n<td width=\"208\">Delilah<br \/>\nSmith, Meng Fan Wang, Nicolas Maxfield, Dr . Valerie Were, and Dr. Indrani Pal<\/td>\n<td width=\"108\"><strong><a href=\"https:\/\/crest.cuny.edu\/hires\/wp-content\/uploads\/2019\/08\/smith_wang.pdf\">Download here<\/a><\/strong><\/td>\n<\/tr>\n<\/tbody>\n<\/table>\n<table>\n<tbody>\n<tr>\n<td width=\"308\">Tropical Cyclone Hazards in Relation to Propagation Speed<\/td>\n<td width=\"208\">Jieying Yu, David Chen, Jiehao Huang, and Dr. James F. Booth<\/td>\n<td width=\"108\"><a href=\"https:\/\/crest.cuny.edu\/hires\/wp-content\/uploads\/2019\/08\/yu_chen.pdf\"><strong>Download here<\/strong><\/a><\/td>\n<\/tr>\n<\/tbody>\n<\/table>\n<hr \/>\n<h3>Proposed projects for 2019<\/h3>\n<table style=\"height: 569px;\" width=\"745\">\n<tbody>\n<tr>\n<td width=\"308\"><strong>Project Title<\/strong><\/td>\n<td width=\"208\"><strong>Mentor\/ Faculty<\/strong><\/td>\n<td width=\"108\"><strong>Abstract<\/strong><\/td>\n<\/tr>\n<tr>\n<td style=\"text-align: left;\" width=\"308\">Understanding the Link Between Tropical and Extratropical Cyclone Paths and the Hazards They Create<\/td>\n<td width=\"208\">Jimmy Booth<\/td>\n<td width=\"108\"><a href=\"https:\/\/crest.cuny.edu\/hires\/wp-content\/uploads\/2019\/06\/booth_hires_summer_bridge_2019_introduction.pdf\"><strong>Download here<\/strong><\/a><\/td>\n<\/tr>\n<tr>\n<td width=\"208\">US Tornado Frequency, Losses and Trend Analysis<\/td>\n<td width=\"208\">Reza Khanbilvardi<\/td>\n<td width=\"208\"><a href=\"https:\/\/crest.cuny.edu\/hires\/wp-content\/uploads\/2019\/06\/nouri_Slides.pdf\"><strong>Download here<\/strong><\/a><\/td>\n<\/tr>\n<tr>\n<td width=\"208\">Evaluating Coral Reefs in Southwest Puerto Rico by Combing Remote Sensing and Biology<\/td>\n<td width=\"208\">Kyle McDonald<\/td>\n<td width=\"208\"><a href=\"https:\/\/crest.cuny.edu\/hires\/wp-content\/uploads\/2019\/06\/Gomez_HIRES_2019.pdf\"><strong>Download here<\/strong><\/a><\/td>\n<\/tr>\n<tr>\n<td width=\"208\">Climate, Rivers, and Fish<\/td>\n<td width=\"208\">Indrani Pal and<br \/>\nValerie Were<\/td>\n<td width=\"208\"><a href=\"https:\/\/crest.cuny.edu\/hires\/wp-content\/uploads\/2019\/06\/maxfield_Climate-Rivers-and-Fish.pdf\"><strong>Download here<\/strong><\/a><\/td>\n<\/tr>\n<tr>\n<td width=\"208\">Satellite Analysis &amp; Validation<\/td>\n<td width=\"208\">Michael Grossberg<\/td>\n<td width=\"208\"><a href=\"https:\/\/crest.cuny.edu\/hires\/wp-content\/uploads\/2019\/06\/grossberg_GoesCalVal.pdf\"><strong>Download here<\/strong><\/a><\/td>\n<\/tr>\n<tr>\n<td width=\"208\">Big Data MOS Forecasts<\/td>\n<td width=\"208\">Michael Grossberg<\/td>\n<td width=\"208\"><strong>Download here<\/strong><\/td>\n<\/tr>\n<tr>\n<td width=\"208\">Assessment of Lake Water Quality and Quantity Using Satellite Remote Sensing<\/td>\n<td width=\"208\">Tarendra Lakhankar<\/td>\n<td width=\"208\"><a href=\"https:\/\/crest.cuny.edu\/hires\/wp-content\/uploads\/2019\/06\/SB-Projects-Tarendra.pdf\"><strong>Download here<\/strong><\/a><\/td>\n<\/tr>\n<tr>\n<td width=\"208\">The Socioeconomic Analysis of Hurricane Events in New York City<\/td>\n<td width=\"208\">Tarendra Lakhankar<\/td>\n<td width=\"208\"><a href=\"https:\/\/crest.cuny.edu\/hires\/wp-content\/uploads\/2019\/06\/SB-Projects-Tarendra.pdf\"><strong>Download here<\/strong><\/a><\/td>\n<\/tr>\n<tr>\n<td width=\"208\">An Analysis of Economic Impact of Extreme Weather Events on New York City\u2019s Transit System<\/td>\n<td width=\"208\">Tarendra Lakhankar<\/td>\n<td width=\"208\"><a href=\"https:\/\/crest.cuny.edu\/hires\/wp-content\/uploads\/2019\/06\/SB-Projects-Tarendra.pdf\"><strong>Download here<\/strong><\/a><\/td>\n<\/tr>\n<tr>\n<td width=\"208\">National Water Model (NWM) and WRF-Hydro<\/td>\n<td width=\"208\">Tarendra Lakhankar<\/td>\n<td width=\"208\"><a href=\"https:\/\/crest.cuny.edu\/hires\/wp-content\/uploads\/2019\/06\/SB-Projects-Tarendra.pdf\"><strong>Download here<\/strong><\/a><\/td>\n<\/tr>\n<tr>\n<td width=\"208\">The Impact Of Climate On Food Security<\/td>\n<td width=\"208\">Reza Khanbilvardi<\/td>\n<td width=\"208\"><strong><a href=\"https:\/\/crest.cuny.edu\/hires\/wp-content\/uploads\/2019\/06\/najafi_Summer Hires 2018.pdf\">Download here<\/a><\/strong><\/td>\n<\/tr>\n<tr>\n<td width=\"208\">Data Visualization \u2013 It\u2019s More Than Pretty Pictures<\/td>\n<td width=\"208\">Ronak Etemadpour and<br \/>\nValerie Were<\/td>\n<td width=\"208\"><strong>Download here<\/strong><\/td>\n<\/tr>\n<tr>\n<td width=\"208\">Monitoring Water Quality in the Long Island Sound from Shipboard and Space-Based Platforms<\/td>\n<td width=\"208\">Maria Tzortziou<\/td>\n<td width=\"208\"><a href=\"https:\/\/crest.cuny.edu\/hires\/wp-content\/uploads\/2019\/06\/tzortziou_LOA_LAB_Slides.pdf\"><strong>Download here<\/strong><\/a><\/td>\n<\/tr>\n<tr>\n<td width=\"208\">Satellite Based Heat Index for Cities<\/td>\n<td width=\"208\">Jorge E. Gonzalez<\/td>\n<td width=\"208\"><strong>Download here<\/strong><\/td>\n<\/tr>\n<tr>\n<td width=\"208\">Studies for Resilient Electric Power Infrastructure<\/td>\n<td width=\"208\">Jorge E. Gonzalez<\/td>\n<td width=\"208\"><strong>Download here<\/strong><\/td>\n<\/tr>\n<tr>\n<td width=\"208\">VIIRS Satellite Data Processing<\/td>\n<td width=\"208\">Paul Alabi<\/td>\n<td width=\"208\"><strong>Download here<\/strong><\/td>\n<\/tr>\n<tr>\n<td width=\"208\">A Test bed for Satellite Data Publishing using CKAN<\/td>\n<td width=\"208\">Paul Alabi<\/td>\n<td width=\"208\"><strong>Download here<\/strong><\/td>\n<\/tr>\n<tr>\n<td width=\"208\">Error Analysis of In Situ Sea Surface Temperature Data<\/td>\n<td width=\"208\">Michel Grossberg<\/td>\n<td width=\"208\"><strong>Download here<\/strong><\/td>\n<\/tr>\n<tr>\n<td width=\"208\">Thermal Response of Cities<\/td>\n<td width=\"208\">Prathap Ramamurthy<\/td>\n<td width=\"208\"><strong>Download here<\/strong><\/td>\n<\/tr>\n<\/tbody>\n<\/table>\n<hr \/>\n<h3><\/h3>\n","protected":false},"excerpt":{"rendered":"<p>Project Description Click below for the description\/details for each of this year&#8217;s summer projects . Click here for full projects description. Posters Project Title Mentor\/ Faculty Abstract Socio Economic Impact of Weather Phenomena on NYC Transportation Systems Nishat Ahmed, Gary Familia, Murshedur Shahy, Arikuzzaman Idrisy, and Dr. Tarendra Lakhankar Download here Satellite Analysis and Validation [&hellip;]<\/p>\n","protected":false},"author":10,"featured_media":0,"parent":71,"menu_order":0,"comment_status":"closed","ping_status":"closed","template":"","meta":{"_monsterinsights_skip_tracking":false,"_monsterinsights_sitenote_active":false,"_monsterinsights_sitenote_note":"","_monsterinsights_sitenote_category":0,"footnotes":""},"class_list":["post-1790","page","type-page","status-publish","hentry"],"_links":{"self":[{"href":"https:\/\/crest.cuny.edu\/hires\/wp-json\/wp\/v2\/pages\/1790","targetHints":{"allow":["GET"]}}],"collection":[{"href":"https:\/\/crest.cuny.edu\/hires\/wp-json\/wp\/v2\/pages"}],"about":[{"href":"https:\/\/crest.cuny.edu\/hires\/wp-json\/wp\/v2\/types\/page"}],"author":[{"embeddable":true,"href":"https:\/\/crest.cuny.edu\/hires\/wp-json\/wp\/v2\/users\/10"}],"replies":[{"embeddable":true,"href":"https:\/\/crest.cuny.edu\/hires\/wp-json\/wp\/v2\/comments?post=1790"}],"version-history":[{"count":27,"href":"https:\/\/crest.cuny.edu\/hires\/wp-json\/wp\/v2\/pages\/1790\/revisions"}],"predecessor-version":[{"id":1950,"href":"https:\/\/crest.cuny.edu\/hires\/wp-json\/wp\/v2\/pages\/1790\/revisions\/1950"}],"up":[{"embeddable":true,"href":"https:\/\/crest.cuny.edu\/hires\/wp-json\/wp\/v2\/pages\/71"}],"wp:attachment":[{"href":"https:\/\/crest.cuny.edu\/hires\/wp-json\/wp\/v2\/media?parent=1790"}],"curies":[{"name":"wp","href":"https:\/\/api.w.org\/{rel}","templated":true}]}}