{"id":22,"date":"2021-08-20T20:25:41","date_gmt":"2021-08-20T20:25:41","guid":{"rendered":"https:\/\/crest.cuny.edu\/ersa\/?page_id=22"},"modified":"2021-09-14T02:07:27","modified_gmt":"2021-09-14T02:07:27","slug":"publications","status":"publish","type":"page","link":"https:\/\/crest.cuny.edu\/ersa\/publications\/","title":{"rendered":"Publications"},"content":{"rendered":"\n<p>List of Publications <\/p>\n\n\n\n<ul class=\"wp-block-list\"><li>Chiu, J., Paredes-Mesa, S., Lakhankar, T., Romanov, P., Krakauer, N., Khanbilvardi, R., &amp; Ferraro, R. (2020).<a href=\"https:\/\/www.hindawi.com\/journals\/amete\/2020\/4532478\/\">\u00a0Intercomparison and Validation of MIRS, MSPPS, and IMS Snow Cover Products<\/a>\u00a0<em>Advances in Meteorology<\/em>,\u00a0<em>2020<\/em>.<br><\/li><li>Krakauer, N. Y.,\u00a0<strong>Lakhankar, T.<\/strong>, and G. H. Dars (2019).\u00a0<a href=\"https:\/\/www.mdpi.com\/2225-1154\/7\/10\/116\">Precipitation Trends over the Indus Basin<\/a>.\u00a0<em>Climate<\/em>,\u00a0<em>7<\/em>(10), 116.\u00a0<a href=\"https:\/\/doi.org\/10.3390\/cli7100116\">https:\/\/doi.org\/10.3390\/cli7100116<\/a><br><\/li><li>Krakauer, N. Y.,\u00a0<strong>Lakhankar, T.<\/strong>, and D. Hudson (2019).<a href=\"https:\/\/www.mdpi.com\/2073-4441\/11\/9\/1834\">\u00a0Trends in Drought over the Northeast United States<\/a>.\u00a0<em>Water<\/em>,\u00a0<em>11<\/em>(9), 1834.\u00a0<a href=\"https:\/\/doi.org\/10.3390\/w11091834\">https:\/\/doi.org\/10.3390\/w11091834<\/a><br><\/li><li>Bhattacharjee A., Anad\u00f3n JD, Lohman D., Doleck T.,\u00a0<strong>Lakhankar<\/strong>\u00a0T., Shresta B., Thapa P., Devkota D., Tiwari S., Jha A., Siwakoti M., Devkota NR, Jha PK, and N. Krakauer (2017)\u00a0<a rel=\"noreferrer noopener\" href=\"http:\/\/www.mdpi.com\/2225-1154\/5\/4\/80\" target=\"_blank\">The impact of climate change on biodiversity in Nepal: current knowledge, gaps and opportunities<\/a>,\u00a0<em>Climate<\/em>,\u00a0<em>5<\/em>(4), 80; doi:<a href=\"http:\/\/dx.doi.org\/10.3390\/cli5040080\">10.3390\/cli5040080<\/a>.<br><\/li><li>Mandal R.A., Jha P.K., Krakauer N., Jha A., and\u00a0<strong>T. Lakhankar\u00a0<\/strong>(2017)\u00a0<a rel=\"noreferrer noopener\" href=\"http:\/\/ijasrt.iau-shoushtar.ac.ir\/article_531209_113661.html\" target=\"_blank\">Assessing Cost Effective Management Options of Eichhornia crassipes in Ecotourism Ramsar Sites, Nepal<\/a>, International Journal of Agricultural Science, Research and Technology in Extension and Education Systems (IJASRT in EESs), Volume 7-2, Page 79-83.<br><\/li><li>Olivieri J.N., Mu\u00f1oz-Barreto J., Tirado-Corbal\u00e1 R.,\u00a0<strong>Lakhankar T.<\/strong>, and A Fisher (2017)\u00a0<a rel=\"noreferrer noopener\" href=\"http:\/\/www.mdpi.com\/2306-5338\/4\/4\/46\" target=\"_blank\">Comparison and downscale of AMSR2 soil moisture products with in-situ measurements from the SCAN-NRCS network over Puerto Rico<\/a>,\u00a0<em>Hydrology<\/em>,\u00a0<em>4<\/em>(4), 46; doi:10.3390\/hydrology4040046.<br><\/li><li>Nilawar A, Calderlla C.,\u00a0<strong>Lakhankar<\/strong>\u00a0T., Waikar M., and J. Mu\u00f1oz, (2017),\u00a0<a href=\"http:\/\/www.mdpi.com\/2306-5338\/4\/4\/45\/htm\">Satellite Soil Moisture Validation using Hydrological SWAT Model: A Case Study of Puerto Rico, USA<\/a>,\u00a0<em>Hydrology<\/em>,\u00a0<em>4<\/em>(4), 45; doi: 10.3390\/hydrology4040045.<\/li><\/ul>\n\n\n\n<ul class=\"wp-block-list\"><li>Krakauer, N.Y.;&nbsp;<strong>Lakhankar, T.<\/strong>; J.D. Anadon (2017)&nbsp;<a href=\"http:\/\/www.mdpi.com\/2072-4292\/9\/10\/986\">Mapping and Attributing Normalized Difference Vegetation Index Trends for Nepal<\/a>.&nbsp;<em>Remote Sensing<\/em>. Vol: 9(10): Pages 986, doi:10.3390\/rs9100986.<br><\/li><li>Seo D.,&nbsp;<strong>Lakhankar T.<\/strong>, Cosgrove B., Khanbilvardi R. and X. Zhan (2017)&nbsp;<a href=\"http:\/\/www.sciencedirect.com\/science\/article\/pii\/S2352938517300149\" target=\"_blank\" rel=\"noreferrer noopener\">Applying SMOS Soil Moisture data into the National Weather Service (NWS)\u2019s Research Distributed Hydrologic Model (HL-RDHM) for flash flood guidance application<\/a>, In&nbsp;<em>Remote Sensing Applications: Society and Environment<\/em>, Volume 8, 2017, Pages 182-192, ISSN 2352-9385.<br><\/li><li>P\u00e9rez-D\u00edaz C.L., Lakhankar T., Romanov R., Mu\u00f1oz J., Khanbilvardi J. &amp; Yunyue Yu (2017)&nbsp;<a href=\"http:\/\/www.tandfonline.com\/doi\/abs\/10.1080\/01431161.2017.1331055\">Evaluation of MODIS land surface temperature with in situ snow surface temperature from CREST-SAFE<\/a>,&nbsp;<em>International Journal of Remote Sensing<\/em>, Vol. 38 , Iss. 16,2017.<\/li><\/ul>\n\n\n\n<ul class=\"wp-block-list\"><li>P\u00e9rez D\u00edaz, C.L.; Mu\u00f1oz, J.;&nbsp;<strong>Lakhankar, T.<\/strong>; Khanbilvardi, R.; P. Romanov (2017).&nbsp;<a href=\"http:\/\/www.mdpi.com\/1424-8220\/17\/3\/647\/htm\">Proof of Concept: Development of Snow Liquid Water Content Profiler Using CS650 Reflectometers at Caribou, ME, USA<\/a>.&nbsp;<em>Sensors<\/em>&nbsp;<strong>2017<\/strong>,&nbsp;<em>17<\/em>, 647.<br><\/li><li>Mandal RA, NY Krakauer, A Jha,&nbsp;<strong>T Lakhankar<\/strong>, MP Sharma, PK Jha (2016), Effect of seasonal variables on cow milk production of smallholders at Voltar, Gorusinghe and Jholpe villages in Nepal,&nbsp;<a href=\"http:\/\/www.wayambajournal.com\/paper.php?n=1467645923&amp;st=1\"><em>Wayamba Journal of Animal Science<\/em><\/a>, 8: 1467645923<\/li><\/ul>\n\n\n\n<ul class=\"wp-block-list\"><li>Jha, A.K.; Malla, R.; Sharma, M.; Panthi, J.;&nbsp;<strong>Lakhankar, T.<\/strong>; Krakauer, N.Y.; Pradhanang, S.M.; Dahal, P.; M.L. Shrestha (2016)&nbsp;<a href=\"http:\/\/www.mdpi.com\/2225-1154\/4\/1\/4\/htm\">Impact of Irrigation Method on Water Use Efficiency and Productivity of Fodder Crops in Nepal<\/a>.&nbsp;<em>Climate<\/em>&nbsp;2016,&nbsp;<em>4<\/em>, 4.<br><\/li><li>Dahal, P., Shrestha, N., Shrestha, M., Krakauer, N., Panthi, J., Pradhanang, S., Jha A. and&nbsp;<strong>T. Lakhankar<\/strong>, (2016).<a href=\"http:\/\/link.springer.com\/article\/10.1007\/s11069-015-2055-5#\" target=\"_blank\" rel=\"noreferrer noopener\">&nbsp;Drought risk assessment in central Nepal: temporal and spatial analysis<\/a>.<em>&nbsp;Natural Hazards<\/em>, 1\u201320. doi:10.1007\/s11069-015-2055-5<br><\/li><li>P\u00e9rez D\u00edaz, C.L.;&nbsp;<strong>Lakhankar, T.<\/strong>; Romanov, P.; Khanbilvardi, R.; Y. Yu (2015)&nbsp;<a href=\"http:\/\/www.mdpi.com\/2076-3263\/5\/4\/334\/htm\" target=\"_blank\" rel=\"noreferrer noopener\">Evaluation of VIIRS Land Surface Temperature Using CREST-SAFE Air, Snow Surface, and Soil Temperature Data<\/a>.&nbsp;<em>Geosciences,<\/em>&nbsp;2015,&nbsp;<em>5<\/em>, 334-360.<br><\/li><li>Corona, J.A.I.; Mu\u00f1oz, J.;&nbsp;<strong>Lakhankar, T.<\/strong>; Romanov, P.; R. Khanbilvardi (2015)&nbsp;<a href=\"http:\/\/www.mdpi.com\/2076-3263\/5\/4\/310\" target=\"_blank\" rel=\"noreferrer noopener\">Evaluation of the Snow Thermal Model (SNTHERM) through Continuous&nbsp;<em>in situ<\/em>&nbsp;Observations of Snow\u2019s Physical Properties at the CREST-SAFE Field Experiment<\/a>.&nbsp;<em>Geosciences<\/em>,&nbsp;<em>5<\/em>, 310-333.<br><\/li><li>Krakauer, N.Y.; Pradhanang, S.M.; Panthi, J.;&nbsp;<strong>Lakhankar, T.<\/strong>; , A.K. Jha (2015),&nbsp;<a href=\"http:\/\/www.mdpi.com\/2225-1154\/3\/2\/329\" target=\"_blank\" rel=\"noreferrer noopener\">Probabilistic Precipitation Estimation with a Satellite Product<\/a>.&nbsp;<em>Climate<\/em>,&nbsp;<em>3<\/em>, pages 329-348.<br><\/li><li>Pradhanang, U.B.; Pradhanang, S.M.; Sthapit, A.; Krakauer, N.Y.; Jha, A.;&nbsp;<strong>T. Lakhankar&nbsp;<\/strong>(2015)&nbsp;<a href=\"http:\/\/www.mdpi.com\/2077-0472\/5\/1\/103\" target=\"_blank\" rel=\"noreferrer noopener\">National Livestock Policy of Nepal: Needs and Opportunities<\/a>.&nbsp;<em>Agriculture<\/em>&nbsp;<em>5<\/em>, 103-131.<\/li><li>Panthi, J.; Dahal, P.; Shrestha, M.L.; Aryal, S.; Krakauer, N.Y.; Pradhanang, S.M.;&nbsp;<strong>Lakhankar, T.<\/strong>; Jha, A.K.; Sharma, M.; R. Karki (2015)&nbsp;<a href=\"http:\/\/www.mdpi.com\/2225-1154\/3\/1\/210\/htm\" target=\"_blank\" rel=\"noreferrer noopener\">Spatial and Temporal Variability of Rainfall in the Gandaki River Basin of Nepal Himalaya<\/a>.&nbsp;<em>Climate<\/em>,&nbsp;<em>3<\/em>, 210-226.<\/li><li>Corona, J.A.I.;&nbsp;<strong>Lakhankar, T.<\/strong>; Pradhanang, S.; R. Khanbilvardi (2014).<a href=\"http:\/\/www.mdpi.com\/2306-5338\/1\/1\/89\">&nbsp;Remote Sensing and Ground-Based Weather Forcing Data Analysis for Streamflow Simulation<\/a>&nbsp;<em>Hydrology<\/em>,&nbsp;&nbsp;<em>1<\/em>, 89-111.<\/li><li>M Temimi,&nbsp;<strong>T Lakhankar<\/strong>, X Zhan, MH Cosh, NY Krakauer, A Fares, V Kelly, R Khanbilvardi, L Kumassi (2014),&nbsp;<a href=\"https:\/\/dl.sciencesocieties.org\/publications\/vzj\/abstracts\/13\/3\/vzj2013.06.0101\" target=\"_blank\" rel=\"noreferrer noopener\">Soil Moisture Retrieval Using Ground-Based L-Band Passive Microwave Observations in Northeastern USA<\/a>,<em>Vadose Zone Research<\/em>, 13(3). doi:&nbsp;<a href=\"http:\/\/dx.doi.org\/10.2136\/vzj2013.06.0101\">10.2136\/vzj2013.06.0101<\/a><\/li><li>Krakauer N.Y. , S. M. Pradhanang,&nbsp;<strong>T. Lakhankar<\/strong>, and A. Jha, (2013)&nbsp;<a href=\"http:\/\/www.mdpi.com\/2072-4292\/5\/8\/4107\" target=\"_blank\" rel=\"noreferrer noopener\">Evaluating Satellite Products for Precipitation Estimation in Mountain Regions: A Case Study for Nepal<\/a>,&nbsp;<em>Remote Sensing<\/em>&nbsp;vol. 5(8), pages 4107-4123.<\/li><li>Munoz J., J.A.I. Corona,&nbsp;<strong>T. Lakhankar<\/strong>, R. Khanbilvardi, P. Romanov, N. Krakauer, A. Powell (2013)&nbsp;<a href=\"http:\/\/www.sciencedomain.org\/abstract\/2533\" target=\"_blank\" rel=\"noreferrer noopener\">Synergistic Use of Remote Sensing for Snow Cover and Snow Water Equivalent Estimation<\/a><em>&nbsp;British Journal of Environment and Climate Change<\/em>., 3(4): 612-627. DOI : 10.9734\/BJECC\/2013\/7699.<\/li><li>Seo D.,&nbsp;<strong>T. Lakhankar<\/strong>, J. Mejia, B. Cosgrove, and R. Khanbilvardi (2013)&nbsp;<a href=\"http:\/\/onlinelibrary.wiley.com\/doi\/10.1111\/jawr.12087\/abstract\">Evaluation of Operational National Weather Service Gridded Flash Flood Guidance over the Arkansas Red River Basin<\/a>,<em>The Journal of the American Water Resources Association<\/em>, 1-12. DOI: 10.1111\/jawr.12087.<\/li><li><strong>Lakhankar, T.<\/strong>, Mu\u00f1oz, J., Romanov, P., Powell, A. M., Krakauer, N. Y., Rossow, W. B., and R. M. Khanbilvardi (2013)&nbsp;<a href=\"http:\/\/www.hydrol-earth-syst-sci.net\/17\/783\/2013\/hess-17-783-2013.html\" target=\"_blank\" rel=\"noreferrer noopener\">CREST-Snow Field Experiment: analysis of snowpack properties using multi-frequency microwave remote sensing data<\/a>,&nbsp;<em>Hydrology Earth System Science<\/em>, 17, 783-793, doi:10.5194\/hess-17-783-2013.<\/li><li>Chen C.,T.&nbsp;<strong>Lakhankar<\/strong>, P. Romanov, S. Helfrich, A. Powell, R. Khanbilvardi (2012)&nbsp;<a href=\"http:\/\/www.mdpi.com\/2072-4292\/4\/5\/1134\" target=\"_blank\" rel=\"noreferrer noopener\">Validation of NOAA-Interactive Multisensor Snow and Ice Mapping System (IMS) by Comparison with Ground-Based Measurements over Continental United States<\/a>.&nbsp;<em>Remote Sensing<\/em>&nbsp;Vol. 4(5), pages 1134-1145.<\/li><li><strong>Lakhankar<\/strong>&nbsp;T., A.E. Azar, N. Shahroudi, A. Powell, and R. Khanbilvardi (2012),&nbsp;<a href=\"http:\/\/www.omicsgroup.org\/journals\/JGRS\/pdfdownload.php?download=JGRS-1-101.pdf&amp;&amp;aid=4704\" target=\"_blank\" rel=\"noreferrer noopener\">Analysis of the Effects of Snowpack Properties on Satellite Microwave Brightness Temperature and Emissivity Data<\/a>,&nbsp;<em>Journal of Geophysics &amp; Remote Sensing<\/em>, !:101, doi: 10.4172\/jgrs.1000101<\/li><li>Ghedira H., J-C. Arevalo, T.&nbsp;<strong>Lakhankar<\/strong>, R. Khanbilvardi and R. Blake (2011),&nbsp;<a href=\"http:\/\/www.ijrsa.org\/Download.aspx?ID=7\" target=\"_blank\" rel=\"noreferrer noopener\">Snow Cover Mapping Using Satellite Remote Sensing Data<\/a>,&nbsp;<em>International Journal of Remote Sensing Applications<\/em>, Vol.1(6), pages 37-42.<\/li><li>Temimi M., T. Lacava,&nbsp;<strong>T. Lakhankar<\/strong>, V. Tramutoli, H. Ghedira, R. Ata, and R Khanbilvardi (2011),<a href=\"http:\/\/onlinelibrary.wiley.com\/doi\/10.1002\/hyp.8020\/abstract\" target=\"_blank\" rel=\"noreferrer noopener\">&nbsp;A multi-temporal analysis of AMSR-E data for flood and discharge monitoring during the 2008 flood in Iowa<\/a>.&nbsp;<em>Hydrological Processes<\/em>, DOI:&nbsp;10.1002\/hyp.8020.<\/li><li>Seo D.,&nbsp;<strong>T. Lakhankar<\/strong>, R. Khanbilvardi (2010)&nbsp;<a href=\"http:\/\/www.mdpi.com\/2072-4292\/2\/5\/1273\/\" target=\"_blank\" rel=\"noreferrer noopener\">Sensitivity Analysis of&nbsp;<em>b<\/em>-factor in Microwave Emission Model for Soil Moisture Retrieval: A Case Study for SMAP Mission<\/a>&nbsp;<em>Remote Sensing<\/em>, Vol. 2(5), pages 1273-1286.<\/li><li><strong>Lakhankar T.<\/strong>, A.S. Jones, C.L. Combs, M. Sengupta, T.H. Vonder Haar, and R. Khanbilvardi (2010) &#8220;<a href=\"http:\/\/www.mdpi.com\/1424-8220\/10\/1\/913\/pdf\">Analysis of Large Scale Spatial Variability of Soil Moisture Using a Geostatistical Method<\/a>.&nbsp;<em>Sensors<\/em>, Vol. 10(1), pages 913-932.<\/li><li><strong>Lakhnakar T.<\/strong>, N.Y. Krakauer, R Khanbilvardi (2009),&nbsp;<a href=\"http:\/\/www.lakhankar.com\/pubs\/Soil%20moisture%20agriculture%202009.pdf\">Applications of microwave remote sensing of soil moisture for agricultural applications<\/a>,&nbsp;<em>International Journal of Terraspace Science and Engineering<\/em>, Vol. 2(1), pages 81-91.<\/li><li><strong>Lakhankar T.<\/strong>, H. Ghedira, M. Temimi, M. Sengupta, R. Khanbilvardi, R. Blake (2009)<a href=\"http:\/\/www.mdpi.com\/2072-4292\/1\/1\/3\" target=\"_blank\" rel=\"noreferrer noopener\">&nbsp;Non-parametric Methods for Soil Moisture Retrieval from Satellite Remote Sensing Data.&nbsp;<\/a><em>Remote Sensing<\/em>. Vol. 1(1), pages 3-21.<\/li><li><strong>Lakhankar T.<\/strong>, H. Ghedira, M. Temimi, A.E. Azar, R. Khanbilvardi (2009)<a href=\"http:\/\/www.mdpi.com\/2072-4292\/1\/2\/80\" target=\"_blank\" rel=\"noreferrer noopener\">&nbsp;Effect of Land Cover Heterogeneity on Soil Moisture Retrieval Using Active Microwave Remote Sensing Data.<\/a>&nbsp;<em>Remote Sensing<\/em>. Vol.1(2) pages 80-91.<\/li><\/ul>\n","protected":false},"excerpt":{"rendered":"<p>List of Publications Chiu, J., Paredes-Mesa, S., Lakhankar, T., Romanov, P., Krakauer, N., Khanbilvardi, R., &amp; Ferraro, R. (2020).\u00a0Intercomparison and Validation of MIRS, MSPPS, and IMS Snow Cover Products\u00a0Advances in&hellip;<\/p>\n","protected":false},"author":8,"featured_media":0,"parent":0,"menu_order":0,"comment_status":"closed","ping_status":"closed","template":"","meta":{"_monsterinsights_skip_tracking":false,"_monsterinsights_sitenote_active":false,"_monsterinsights_sitenote_note":"","_monsterinsights_sitenote_category":0,"footnotes":""},"class_list":["post-22","page","type-page","status-publish","hentry"],"_links":{"self":[{"href":"https:\/\/crest.cuny.edu\/ersa\/wp-json\/wp\/v2\/pages\/22","targetHints":{"allow":["GET"]}}],"collection":[{"href":"https:\/\/crest.cuny.edu\/ersa\/wp-json\/wp\/v2\/pages"}],"about":[{"href":"https:\/\/crest.cuny.edu\/ersa\/wp-json\/wp\/v2\/types\/page"}],"author":[{"embeddable":true,"href":"https:\/\/crest.cuny.edu\/ersa\/wp-json\/wp\/v2\/users\/8"}],"replies":[{"embeddable":true,"href":"https:\/\/crest.cuny.edu\/ersa\/wp-json\/wp\/v2\/comments?post=22"}],"version-history":[{"count":4,"href":"https:\/\/crest.cuny.edu\/ersa\/wp-json\/wp\/v2\/pages\/22\/revisions"}],"predecessor-version":[{"id":220,"href":"https:\/\/crest.cuny.edu\/ersa\/wp-json\/wp\/v2\/pages\/22\/revisions\/220"}],"wp:attachment":[{"href":"https:\/\/crest.cuny.edu\/ersa\/wp-json\/wp\/v2\/media?parent=22"}],"curies":[{"name":"wp","href":"https:\/\/api.w.org\/{rel}","templated":true}]}}